{"id":1838,"date":"2022-04-29T07:18:47","date_gmt":"2022-04-29T13:18:47","guid":{"rendered":"https:\/\/www.houstonwoodpreservingworks.com\/maaps\/"},"modified":"2022-08-02T16:01:03","modified_gmt":"2022-08-02T21:01:03","slug":"mapas","status":"publish","type":"page","link":"https:\/\/www.houstonwoodpreservingworks.com\/es\/historia-de-la-obra\/mapas\/","title":{"rendered":"Mapas"},"content":{"rendered":"\t\t<div data-elementor-type=\"wp-page\" data-elementor-id=\"1838\" class=\"elementor elementor-1838 elementor-1162\" data-elementor-post-type=\"page\">\n\t\t\t\t\t\t<section class=\"elementor-section elementor-top-section elementor-element elementor-element-a57e714 elementor-section-boxed elementor-section-height-default elementor-section-height-default\" data-id=\"a57e714\" data-element_type=\"section\" data-e-type=\"section\">\n\t\t\t\t\t\t<div class=\"elementor-container elementor-column-gap-default\">\n\t\t\t\t\t<div class=\"elementor-column elementor-col-100 elementor-top-column elementor-element elementor-element-39e8bb5\" data-id=\"39e8bb5\" data-element_type=\"column\" data-e-type=\"column\">\n\t\t\t<div class=\"elementor-widget-wrap elementor-element-populated\">\n\t\t\t\t\t\t<section class=\"elementor-section elementor-inner-section elementor-element elementor-element-77efb9c elementor-section-boxed elementor-section-height-default elementor-section-height-default\" data-id=\"77efb9c\" data-element_type=\"section\" data-e-type=\"section\">\n\t\t\t\t\t\t<div class=\"elementor-container elementor-column-gap-default\">\n\t\t\t\t\t<div class=\"elementor-column elementor-col-50 elementor-inner-column elementor-element elementor-element-b5d560d\" data-id=\"b5d560d\" data-element_type=\"column\" data-e-type=\"column\">\n\t\t\t<div class=\"elementor-widget-wrap\">\n\t\t\t\t\t\t\t<\/div>\n\t\t<\/div>\n\t\t\t\t<div class=\"elementor-column elementor-col-50 elementor-inner-column elementor-element elementor-element-8d5f229\" data-id=\"8d5f229\" data-element_type=\"column\" data-e-type=\"column\">\n\t\t\t<div class=\"elementor-widget-wrap\">\n\t\t\t\t\t\t\t<\/div>\n\t\t<\/div>\n\t\t\t\t\t<\/div>\n\t\t<\/section>\n\t\t\t\t\t<\/div>\n\t\t<\/div>\n\t\t\t\t\t<\/div>\n\t\t<\/section>\n\t\t\t\t<section class=\"elementor-section elementor-top-section elementor-element elementor-element-becb69c elementor-section-boxed elementor-section-height-default elementor-section-height-default\" data-id=\"becb69c\" data-element_type=\"section\" data-e-type=\"section\">\n\t\t\t\t\t\t<div class=\"elementor-container elementor-column-gap-default\">\n\t\t\t\t\t<div class=\"elementor-column elementor-col-100 elementor-top-column elementor-element elementor-element-a9a7677\" data-id=\"a9a7677\" data-element_type=\"column\" data-e-type=\"column\">\n\t\t\t<div class=\"elementor-widget-wrap elementor-element-populated\">\n\t\t\t\t\t\t<section class=\"elementor-section elementor-inner-section elementor-element elementor-element-8af3119 elementor-section-boxed elementor-section-height-default elementor-section-height-default\" data-id=\"8af3119\" data-element_type=\"section\" data-e-type=\"section\">\n\t\t\t\t\t\t<div class=\"elementor-container elementor-column-gap-default\">\n\t\t\t\t\t<div class=\"elementor-column elementor-col-50 elementor-inner-column elementor-element elementor-element-1ceb8bf\" data-id=\"1ceb8bf\" data-element_type=\"column\" data-e-type=\"column\">\n\t\t\t<div class=\"elementor-widget-wrap elementor-element-populated\">\n\t\t\t\t\t\t<div class=\"elementor-element elementor-element-77e5936 elementor-widget elementor-widget-image\" data-id=\"77e5936\" data-element_type=\"widget\" data-e-type=\"widget\" data-widget_type=\"image.default\">\n\t\t\t\t<div class=\"elementor-widget-container\">\n\t\t\t\t\t\t\t\t\t\t\t\t\t\t\t\t<a href=\"https:\/\/www.houstonwoodpreservingworks.com\/wp-content\/uploads\/2022\/04\/map4.jpg\" data-elementor-open-lightbox=\"yes\" data-elementor-lightbox-title=\"Zonas de suelo cubierto y sistema de recogida de l\u00edquidos en fase no acuosa (Non-aqueous phase liquids, NAPL)\" data-elementor-lightbox-description=\"Imagen de zonas cubiertas por el suelo y sistema de recogida de NAPL\" data-e-action-hash=\"#elementor-action%3Aaction%3Dlightbox%26settings%3DeyJpZCI6MTc2NywidXJsIjoiaHR0cHM6XC9cL3d3dy5ob3VzdG9ud29vZHByZXNlcnZpbmd3b3Jrcy5jb21cL3dwLWNvbnRlbnRcL3VwbG9hZHNcLzIwMjJcLzA0XC9tYXA0LmpwZyJ9\">\n\t\t\t\t\t\t\t<img fetchpriority=\"high\" decoding=\"async\" width=\"1024\" height=\"666\" src=\"https:\/\/www.houstonwoodpreservingworks.com\/wp-content\/uploads\/2022\/04\/map4-1024x666.jpg\" class=\"attachment-large size-large wp-image-1767\" alt=\"Zonas de suelo cubierto y sistema de recogida de l\u00edquidos en fase no acuosa (Non-aqueous phase liquids, NAPL)\" srcset=\"https:\/\/www.houstonwoodpreservingworks.com\/wp-content\/uploads\/2022\/04\/map4-1024x666.jpg 1024w, https:\/\/www.houstonwoodpreservingworks.com\/wp-content\/uploads\/2022\/04\/map4-300x195.jpg 300w, https:\/\/www.houstonwoodpreservingworks.com\/wp-content\/uploads\/2022\/04\/map4-768x500.jpg 768w, https:\/\/www.houstonwoodpreservingworks.com\/wp-content\/uploads\/2022\/04\/map4-1536x1000.jpg 1536w, https:\/\/www.houstonwoodpreservingworks.com\/wp-content\/uploads\/2022\/04\/map4.jpg 1861w\" sizes=\"(max-width: 1024px) 100vw, 1024px\" \/>\t\t\t\t\t\t\t\t<\/a>\n\t\t\t\t\t\t\t\t\t\t\t\t\t\t\t<\/div>\n\t\t\t\t<\/div>\n\t\t\t\t<div class=\"elementor-element elementor-element-e78a1a8 h4-tight elementor-widget elementor-widget-text-editor\" data-id=\"e78a1a8\" data-element_type=\"widget\" data-e-type=\"widget\" data-widget_type=\"text-editor.default\">\n\t\t\t\t<div class=\"elementor-widget-container\">\n\t\t\t\t\t\t\t\t\t<p>Acci\u00f3n de respuesta<\/p>\t\t\t\t\t\t\t\t<\/div>\n\t\t\t\t<\/div>\n\t\t\t\t<div class=\"elementor-element elementor-element-60ff117 h4-tight elementor-widget elementor-widget-text-editor\" data-id=\"60ff117\" data-element_type=\"widget\" data-e-type=\"widget\" data-widget_type=\"text-editor.default\">\n\t\t\t\t<div class=\"elementor-widget-container\">\n\t\t\t\t\t\t\t\t\t<p>Zonas de suelo cubierto y sistema de recogida de l\u00edquidos en fase no acuosa (Non-aqueous phase liquids, NAPL)<\/p>\t\t\t\t\t\t\t\t<\/div>\n\t\t\t\t<\/div>\n\t\t\t\t\t<\/div>\n\t\t<\/div>\n\t\t\t\t<div class=\"elementor-column elementor-col-50 elementor-inner-column elementor-element elementor-element-fb2edc4\" data-id=\"fb2edc4\" data-element_type=\"column\" data-e-type=\"column\">\n\t\t\t<div class=\"elementor-widget-wrap elementor-element-populated\">\n\t\t\t\t\t\t<div class=\"elementor-element elementor-element-655205f elementor-widget elementor-widget-image\" data-id=\"655205f\" data-element_type=\"widget\" data-e-type=\"widget\" data-widget_type=\"image.default\">\n\t\t\t\t<div class=\"elementor-widget-container\">\n\t\t\t\t\t\t\t\t\t\t\t\t\t\t\t\t<a href=\"https:\/\/www.houstonwoodpreservingworks.com\/wp-content\/uploads\/2022\/04\/map2.jpg\" data-elementor-open-lightbox=\"yes\" data-elementor-lightbox-title=\"Mapa de aguas subterr\u00e1neas\" data-elementor-lightbox-description=\"Imagen de aguas subterr\u00e1neas\" data-e-action-hash=\"#elementor-action%3Aaction%3Dlightbox%26settings%3DeyJpZCI6MTc2NSwidXJsIjoiaHR0cHM6XC9cL3d3dy5ob3VzdG9ud29vZHByZXNlcnZpbmd3b3Jrcy5jb21cL3dwLWNvbnRlbnRcL3VwbG9hZHNcLzIwMjJcLzA0XC9tYXAyLmpwZyJ9\">\n\t\t\t\t\t\t\t<img decoding=\"async\" width=\"1024\" height=\"668\" src=\"https:\/\/www.houstonwoodpreservingworks.com\/wp-content\/uploads\/2022\/04\/map2-1024x668.jpg\" class=\"attachment-large size-large wp-image-1765\" alt=\"Mapa de aguas subterr\u00e1neas\" srcset=\"https:\/\/www.houstonwoodpreservingworks.com\/wp-content\/uploads\/2022\/04\/map2-1024x668.jpg 1024w, https:\/\/www.houstonwoodpreservingworks.com\/wp-content\/uploads\/2022\/04\/map2-300x196.jpg 300w, https:\/\/www.houstonwoodpreservingworks.com\/wp-content\/uploads\/2022\/04\/map2-768x501.jpg 768w, https:\/\/www.houstonwoodpreservingworks.com\/wp-content\/uploads\/2022\/04\/map2-1536x1003.jpg 1536w, https:\/\/www.houstonwoodpreservingworks.com\/wp-content\/uploads\/2022\/04\/map2.jpg 1837w\" sizes=\"(max-width: 1024px) 100vw, 1024px\" \/>\t\t\t\t\t\t\t\t<\/a>\n\t\t\t\t\t\t\t\t\t\t\t\t\t\t\t<\/div>\n\t\t\t\t<\/div>\n\t\t\t\t<div class=\"elementor-element elementor-element-1d04c30 h4-tight elementor-widget elementor-widget-text-editor\" data-id=\"1d04c30\" data-element_type=\"widget\" data-e-type=\"widget\" data-widget_type=\"text-editor.default\">\n\t\t\t\t<div class=\"elementor-widget-container\">\n\t\t\t\t\t\t\t\t\t<p>Acci\u00f3n de respuesta<\/p>\t\t\t\t\t\t\t\t<\/div>\n\t\t\t\t<\/div>\n\t\t\t\t<div class=\"elementor-element elementor-element-6525c63 h4-tight elementor-widget elementor-widget-text-editor\" data-id=\"6525c63\" data-element_type=\"widget\" data-e-type=\"widget\" data-widget_type=\"text-editor.default\">\n\t\t\t\t<div class=\"elementor-widget-container\">\n\t\t\t\t\t\t\t\t\t<p>Aguas subterr\u00e1neas<\/p>\t\t\t\t\t\t\t\t<\/div>\n\t\t\t\t<\/div>\n\t\t\t\t\t<\/div>\n\t\t<\/div>\n\t\t\t\t\t<\/div>\n\t\t<\/section>\n\t\t\t\t<section class=\"elementor-section elementor-inner-section elementor-element elementor-element-3edc595 elementor-section-boxed elementor-section-height-default elementor-section-height-default\" data-id=\"3edc595\" data-element_type=\"section\" data-e-type=\"section\">\n\t\t\t\t\t\t<div class=\"elementor-container elementor-column-gap-default\">\n\t\t\t\t\t<div class=\"elementor-column elementor-col-50 elementor-inner-column elementor-element elementor-element-bd371e4\" data-id=\"bd371e4\" data-element_type=\"column\" data-e-type=\"column\">\n\t\t\t<div class=\"elementor-widget-wrap elementor-element-populated\">\n\t\t\t\t\t\t<div class=\"elementor-element elementor-element-6f2763d elementor-widget elementor-widget-image\" data-id=\"6f2763d\" data-element_type=\"widget\" data-e-type=\"widget\" data-widget_type=\"image.default\">\n\t\t\t\t<div class=\"elementor-widget-container\">\n\t\t\t\t\t\t\t\t\t\t\t\t\t\t\t\t<a href=\"https:\/\/www.houstonwoodpreservingworks.com\/wp-content\/uploads\/2022\/04\/map3.jpg\" data-elementor-open-lightbox=\"yes\" data-elementor-lightbox-title=\"Muro de contenci\u00f3n de las zonas de perforaci\u00f3n del suelo confirmadas\" data-elementor-lightbox-description=\"Mapa del muro de contenci\u00f3n de las zonas de perforaci\u00f3n del suelo confirmadas\" data-e-action-hash=\"#elementor-action%3Aaction%3Dlightbox%26settings%3DeyJpZCI6MTc2NiwidXJsIjoiaHR0cHM6XC9cL3d3dy5ob3VzdG9ud29vZHByZXNlcnZpbmd3b3Jrcy5jb21cL3dwLWNvbnRlbnRcL3VwbG9hZHNcLzIwMjJcLzA0XC9tYXAzLmpwZyJ9\">\n\t\t\t\t\t\t\t<img decoding=\"async\" width=\"1024\" height=\"663\" src=\"https:\/\/www.houstonwoodpreservingworks.com\/wp-content\/uploads\/2022\/04\/map3-1024x663.jpg\" class=\"attachment-large size-large wp-image-1766\" alt=\"Muro de contenci\u00f3n de las zonas de perforaci\u00f3n del suelo confirmadas\" srcset=\"https:\/\/www.houstonwoodpreservingworks.com\/wp-content\/uploads\/2022\/04\/map3-1024x663.jpg 1024w, https:\/\/www.houstonwoodpreservingworks.com\/wp-content\/uploads\/2022\/04\/map3-300x194.jpg 300w, https:\/\/www.houstonwoodpreservingworks.com\/wp-content\/uploads\/2022\/04\/map3-768x498.jpg 768w, https:\/\/www.houstonwoodpreservingworks.com\/wp-content\/uploads\/2022\/04\/map3-1536x995.jpg 1536w, https:\/\/www.houstonwoodpreservingworks.com\/wp-content\/uploads\/2022\/04\/map3.jpg 1854w\" sizes=\"(max-width: 1024px) 100vw, 1024px\" \/>\t\t\t\t\t\t\t\t<\/a>\n\t\t\t\t\t\t\t\t\t\t\t\t\t\t\t<\/div>\n\t\t\t\t<\/div>\n\t\t\t\t<div class=\"elementor-element elementor-element-ec86d87 h4-tight elementor-widget elementor-widget-text-editor\" data-id=\"ec86d87\" data-element_type=\"widget\" data-e-type=\"widget\" data-widget_type=\"text-editor.default\">\n\t\t\t\t<div class=\"elementor-widget-container\">\n\t\t\t\t\t\t\t\t\t<p>Muro de contenci\u00f3n<\/p>\t\t\t\t\t\t\t\t<\/div>\n\t\t\t\t<\/div>\n\t\t\t\t<div class=\"elementor-element elementor-element-393c1b7 h4-tight elementor-widget elementor-widget-text-editor\" data-id=\"393c1b7\" data-element_type=\"widget\" data-e-type=\"widget\" data-widget_type=\"text-editor.default\">\n\t\t\t\t<div class=\"elementor-widget-container\">\n\t\t\t\t\t\t\t\t\t<p>Zonas de perforaci\u00f3n del suelo confirmadas<\/p>\t\t\t\t\t\t\t\t<\/div>\n\t\t\t\t<\/div>\n\t\t\t\t\t<\/div>\n\t\t<\/div>\n\t\t\t\t<div class=\"elementor-column elementor-col-50 elementor-inner-column elementor-element elementor-element-0a9531b\" data-id=\"0a9531b\" data-element_type=\"column\" data-e-type=\"column\">\n\t\t\t<div class=\"elementor-widget-wrap elementor-element-populated\">\n\t\t\t\t\t\t<div class=\"elementor-element elementor-element-a266ab2 elementor-widget elementor-widget-image\" data-id=\"a266ab2\" data-element_type=\"widget\" data-e-type=\"widget\" data-widget_type=\"image.default\">\n\t\t\t\t<div class=\"elementor-widget-container\">\n\t\t\t\t\t\t\t\t\t\t\t\t\t\t\t\t<a href=\"https:\/\/www.houstonwoodpreservingworks.com\/wp-content\/uploads\/2022\/04\/map1.png\" data-elementor-open-lightbox=\"yes\" data-elementor-lightbox-title=\"Mapa de aguas subterr\u00e1neas fuera de la obra\" data-elementor-lightbox-description=\"Mapa de aguas subterr\u00e1neas fuera de la obra\" data-e-action-hash=\"#elementor-action%3Aaction%3Dlightbox%26settings%3DeyJpZCI6MTc2NCwidXJsIjoiaHR0cHM6XC9cL3d3dy5ob3VzdG9ud29vZHByZXNlcnZpbmd3b3Jrcy5jb21cL3dwLWNvbnRlbnRcL3VwbG9hZHNcLzIwMjJcLzA0XC9tYXAxLnBuZyJ9\">\n\t\t\t\t\t\t\t<img loading=\"lazy\" decoding=\"async\" width=\"1024\" height=\"664\" src=\"https:\/\/www.houstonwoodpreservingworks.com\/wp-content\/uploads\/2022\/04\/map1-1024x664.png\" class=\"attachment-large size-large wp-image-1764\" alt=\"Mapa de aguas subterr\u00e1neas fuera de la obra\" srcset=\"https:\/\/www.houstonwoodpreservingworks.com\/wp-content\/uploads\/2022\/04\/map1-1024x664.png 1024w, https:\/\/www.houstonwoodpreservingworks.com\/wp-content\/uploads\/2022\/04\/map1-300x194.png 300w, https:\/\/www.houstonwoodpreservingworks.com\/wp-content\/uploads\/2022\/04\/map1-768x498.png 768w, https:\/\/www.houstonwoodpreservingworks.com\/wp-content\/uploads\/2022\/04\/map1-1536x996.png 1536w, https:\/\/www.houstonwoodpreservingworks.com\/wp-content\/uploads\/2022\/04\/map1.png 1885w\" sizes=\"(max-width: 1024px) 100vw, 1024px\" \/>\t\t\t\t\t\t\t\t<\/a>\n\t\t\t\t\t\t\t\t\t\t\t\t\t\t\t<\/div>\n\t\t\t\t<\/div>\n\t\t\t\t<div class=\"elementor-element elementor-element-c68628d h4-tight elementor-widget elementor-widget-text-editor\" data-id=\"c68628d\" data-element_type=\"widget\" data-e-type=\"widget\" data-widget_type=\"text-editor.default\">\n\t\t\t\t<div class=\"elementor-widget-container\">\n\t\t\t\t\t\t\t\t\t<p>Acci\u00f3n de respuesta<\/p>\t\t\t\t\t\t\t\t<\/div>\n\t\t\t\t<\/div>\n\t\t\t\t<div class=\"elementor-element elementor-element-f094e52 h4-tight elementor-widget elementor-widget-text-editor\" data-id=\"f094e52\" data-element_type=\"widget\" data-e-type=\"widget\" data-widget_type=\"text-editor.default\">\n\t\t\t\t<div class=\"elementor-widget-container\">\n\t\t\t\t\t\t\t\t\t<p>Aguas subterr\u00e1neas fuera de la obra<\/p>\t\t\t\t\t\t\t\t<\/div>\n\t\t\t\t<\/div>\n\t\t\t\t\t<\/div>\n\t\t<\/div>\n\t\t\t\t\t<\/div>\n\t\t<\/section>\n\t\t\t\t\t<\/div>\n\t\t<\/div>\n\t\t\t\t\t<\/div>\n\t\t<\/section>\n\t\t\t\t<\/div>\n\t\t","protected":false},"excerpt":{"rendered":"<p>Acci\u00f3n de respuesta Zonas de suelo cubierto y sistema de recogida de l\u00edquidos en fase no acuosa (Non-aqueous phase liquids, NAPL) Acci\u00f3n de respuesta Aguas subterr\u00e1neas Muro de contenci\u00f3n Zonas de perforaci\u00f3n del suelo confirmadas Acci\u00f3n de respuesta Aguas subterr\u00e1neas fuera de la obra<\/p>\n","protected":false},"author":8,"featured_media":1764,"parent":1862,"menu_order":0,"comment_status":"closed","ping_status":"closed","template":"elementor_theme","meta":{"site-sidebar-layout":"no-sidebar","site-content-layout":"page-builder","ast-site-content-layout":"default","site-content-style":"default","site-sidebar-style":"default","ast-global-header-display":"","ast-banner-title-visibility":"","ast-main-header-display":"","ast-hfb-above-header-display":"","ast-hfb-below-header-display":"","ast-hfb-mobile-header-display":"","site-post-title":"disabled","ast-breadcrumbs-content":"","ast-featured-img":"disabled","footer-sml-layout":"","theme-transparent-header-meta":"default","adv-header-id-meta":"","stick-header-meta":"","header-above-stick-meta":"","header-main-stick-meta":"","header-below-stick-meta":"","astra-migrate-meta-layouts":"default","ast-page-background-enabled":"default","ast-page-background-meta":{"desktop":{"background-color":"var(--ast-global-color-4)","background-image":"","background-repeat":"repeat","background-position":"center center","background-size":"auto","background-attachment":"scroll","background-type":"","background-media":"","overlay-type":"","overlay-color":"","overlay-opacity":"","overlay-gradient":""},"tablet":{"background-color":"","background-image":"","background-repeat":"repeat","background-position":"center center","background-size":"auto","background-attachment":"scroll","background-type":"","background-media":"","overlay-type":"","overlay-color":"","overlay-opacity":"","overlay-gradient":""},"mobile":{"background-color":"","background-image":"","background-repeat":"repeat","background-position":"center center","background-size":"auto","background-attachment":"scroll","background-type":"","background-media":"","overlay-type":"","overlay-color":"","overlay-opacity":"","overlay-gradient":""}},"ast-content-background-meta":{"desktop":{"background-color":"var(--ast-global-color-5)","background-image":"","background-repeat":"repeat","background-position":"center center","background-size":"auto","background-attachment":"scroll","background-type":"","background-media":"","overlay-type":"","overlay-color":"","overlay-opacity":"","overlay-gradient":""},"tablet":{"background-color":"var(--ast-global-color-5)","background-image":"","background-repeat":"repeat","background-position":"center center","background-size":"auto","background-attachment":"scroll","background-type":"","background-media":"","overlay-type":"","overlay-color":"","overlay-opacity":"","overlay-gradient":""},"mobile":{"background-color":"var(--ast-global-color-5)","background-image":"","background-repeat":"repeat","background-position":"center center","background-size":"auto","background-attachment":"scroll","background-type":"","background-media":"","overlay-type":"","overlay-color":"","overlay-opacity":"","overlay-gradient":""}},"footnotes":""},"doctype":[],"class_list":["post-1838","page","type-page","status-publish","has-post-thumbnail","hentry"],"_links":{"self":[{"href":"https:\/\/www.houstonwoodpreservingworks.com\/es\/wp-json\/wp\/v2\/pages\/1838","targetHints":{"allow":["GET"]}}],"collection":[{"href":"https:\/\/www.houstonwoodpreservingworks.com\/es\/wp-json\/wp\/v2\/pages"}],"about":[{"href":"https:\/\/www.houstonwoodpreservingworks.com\/es\/wp-json\/wp\/v2\/types\/page"}],"author":[{"embeddable":true,"href":"https:\/\/www.houstonwoodpreservingworks.com\/es\/wp-json\/wp\/v2\/users\/8"}],"replies":[{"embeddable":true,"href":"https:\/\/www.houstonwoodpreservingworks.com\/es\/wp-json\/wp\/v2\/comments?post=1838"}],"version-history":[{"count":0,"href":"https:\/\/www.houstonwoodpreservingworks.com\/es\/wp-json\/wp\/v2\/pages\/1838\/revisions"}],"up":[{"embeddable":true,"href":"https:\/\/www.houstonwoodpreservingworks.com\/es\/wp-json\/wp\/v2\/pages\/1862"}],"wp:featuredmedia":[{"embeddable":true,"href":"https:\/\/www.houstonwoodpreservingworks.com\/es\/wp-json\/wp\/v2\/media\/1764"}],"wp:attachment":[{"href":"https:\/\/www.houstonwoodpreservingworks.com\/es\/wp-json\/wp\/v2\/media?parent=1838"}],"wp:term":[{"taxonomy":"doctype","embeddable":true,"href":"https:\/\/www.houstonwoodpreservingworks.com\/es\/wp-json\/wp\/v2\/doctype?post=1838"}],"curies":[{"name":"wp","href":"https:\/\/api.w.org\/{rel}","templated":true}]}}